{"id":609,"date":"2016-03-15T15:22:14","date_gmt":"2016-03-15T19:22:14","guid":{"rendered":"http:\/\/gabrielobedcastro.org\/?post_type=product&#038;p=609"},"modified":"2018-05-08T20:26:05","modified_gmt":"2018-05-09T00:26:05","slug":"cuando-pases-mp3-digital","status":"publish","type":"product","link":"https:\/\/gabrielcastro.org\/index.php\/en\/product\/cuando-pases-mp3-digital\/","title":{"rendered":"Cuando Pases &#8211; Mp3 Digital"},"content":{"rendered":"<p>La vida es una hermosa jornada que nos presenta con grandes desaf\u00edos. <\/p>\n<p><i>&#8220;Cuando Pases&#8221;<\/i> es un mensaje que te proveer\u00e1 con las herramientas necesarias para triunfar en la vida cuando los tiempos se pongan dif\u00edciles. Prep\u00e1rate a trav\u00e9s de este mensaje para vencer y conquistar cualquier tormenta que se te presente. <\/p>\n","protected":false},"excerpt":{"rendered":"<p><span style=\"color: #ff0000;\"><br \/>\nDelivery Method: Digital Download. Upon receipt of this audio message, please download it to your computer<\/span><\/p>\n","protected":false},"featured_media":1159,"comment_status":"open","ping_status":"closed","template":"","meta":[],"product_brand":[],"product_cat":[77],"product_tag":[],"class_list":{"0":"post-609","1":"product","2":"type-product","3":"status-publish","4":"has-post-thumbnail","6":"product_cat-digital-audio","8":"first","9":"instock","10":"downloadable","11":"virtual","12":"purchasable","13":"product-type-simple","14":"czr-hentry"},"_links":{"self":[{"href":"https:\/\/gabrielcastro.org\/index.php\/wp-json\/wp\/v2\/product\/609","targetHints":{"allow":["GET"]}}],"collection":[{"href":"https:\/\/gabrielcastro.org\/index.php\/wp-json\/wp\/v2\/product"}],"about":[{"href":"https:\/\/gabrielcastro.org\/index.php\/wp-json\/wp\/v2\/types\/product"}],"replies":[{"embeddable":true,"href":"https:\/\/gabrielcastro.org\/index.php\/wp-json\/wp\/v2\/comments?post=609"}],"wp:featuredmedia":[{"embeddable":true,"href":"https:\/\/gabrielcastro.org\/index.php\/wp-json\/wp\/v2\/media\/1159"}],"wp:attachment":[{"href":"https:\/\/gabrielcastro.org\/index.php\/wp-json\/wp\/v2\/media?parent=609"}],"wp:term":[{"taxonomy":"product_brand","embeddable":true,"href":"https:\/\/gabrielcastro.org\/index.php\/wp-json\/wp\/v2\/product_brand?post=609"},{"taxonomy":"product_cat","embeddable":true,"href":"https:\/\/gabrielcastro.org\/index.php\/wp-json\/wp\/v2\/product_cat?post=609"},{"taxonomy":"product_tag","embeddable":true,"href":"https:\/\/gabrielcastro.org\/index.php\/wp-json\/wp\/v2\/product_tag?post=609"}],"curies":[{"name":"wp","href":"https:\/\/api.w.org\/{rel}","templated":true}]}}