{"id":376,"date":"2016-01-29T23:58:55","date_gmt":"2016-01-29T23:58:55","guid":{"rendered":"http:\/\/gabrielobedcastro.org\/?page_id=376"},"modified":"2025-09-02T05:09:31","modified_gmt":"2025-09-02T09:09:31","slug":"conocenos","status":"publish","type":"page","link":"https:\/\/gabrielcastro.org\/index.php\/es\/conocenos\/","title":{"rendered":"CON\u00d3CENOS"},"content":{"rendered":"\n\n\t\t\t\t<img decoding=\"async\" src=\"https:\/\/gabrielcastro.org\/wp-content\/uploads\/2023\/07\/IMG_2173-1024x925.jpg\" alt=\"IMG_2173\" itemprop=\"image\" height=\"925\" width=\"1024\" title=\"IMG_2173\" onerror=\"this.style.display='none'\" loading=\"lazy\" \/>\n\tA finales del mes de Marzo en el a\u00f1o 2003, recibi\u00f3 un llamado de parte de Dios para iniciar su ministerio evangel\u00edstico y desde entonces no se ha detenido. El Pastor Gabriel es un ministro licensiado de las Asambleas de Dios, fundador\/presidente de Gabriel O. Castro Ministries, Inc., Director Asistente del Ministerio Varonil para el Distrito Hispano del Este de A\/D, y Co-Autor del libro <em>&#8220;Real Men, Real Talk.&#8221;<\/em> Su mensaje de reconciliaci\u00f3n, unidad, y empoderamiento ha sido de bendici\u00f3n dentro y fuera de las paredes de iglesias en Am\u00e9rica Latina, Am\u00e9rica del Norte, y Espa\u00f1a; transcendiendo barreras denominacionales y culturales alrededor del mundo.\nDios le ha bendecido con una Maestr\u00eda en Divinidades del Alliance Theological Seminary de Nyack College y un Bachillerato en Comunicaci\u00f3n de Empresa de Baruch College en New York.\n\t<p>Actualmente, \u00e9l reside en Allentown, Pennsylvania junto a su amada esposa Cynthia Marie y dos hijos; Micah Joel y Ethan Gabriel.<\/p>\n\t<p><strong>P R O M O C I O N A L<\/strong><\/p>\n<p><em>\u00a0 Fotos para usos promocional <strong>\u00a0 \u00a0\u00a0<\/strong><\/em><\/p>\n\t\t\t\t<img decoding=\"async\" src=\"https:\/\/gabrielcastro.org\/wp-content\/plugins\/beaver-builder-lite-version\/img\/pixel.png\" alt=\"\" itemprop=\"image\" onerror=\"this.style.display='none'\" loading=\"lazy\" \/>\n\t\t\t\t<a href=\"https:\/\/gabrielcastro.org\/wp-content\/uploads\/2024\/09\/IMG_7224-final-1-scaled.jpg\"  target=\"_self\" itemprop=\"url\">\n\t\t\t\t<img decoding=\"async\" src=\"https:\/\/gabrielcastro.org\/wp-content\/uploads\/2024\/09\/IMG_7224-final-1-300x254.jpg\" alt=\"IMG_7224 (final)\" itemprop=\"image\" height=\"254\" width=\"300\" title=\"IMG_7224 (final)\" onerror=\"this.style.display='none'\" loading=\"lazy\" \/>\n\t\t\t\t<\/a>\n\t\t\t\t<a href=\"https:\/\/gabrielcastro.org\/wp-content\/uploads\/2024\/09\/Flyer-Promo-Pic-2a-JPG-1.jpg\"  target=\"_self\" itemprop=\"url\">\n\t\t\t\t<img decoding=\"async\" src=\"https:\/\/gabrielcastro.org\/wp-content\/uploads\/2024\/09\/Flyer-Promo-Pic-2a-JPG-1-300x257.jpg\" alt=\"Flyer Promo Pic 2a (JPG)\" itemprop=\"image\" height=\"257\" width=\"300\" title=\"Flyer Promo Pic 2a (JPG)\" onerror=\"this.style.display='none'\" loading=\"lazy\" \/>\n\t\t\t\t<\/a>\n\t\t\t\t<a href=\"https:\/\/gabrielcastro.org\/wp-content\/uploads\/2021\/11\/Gabriel-Castro-Jean-Jacket-Profile-pic-1-1-scaled.jpg\"  target=\"_self\" itemprop=\"url\">\n\t\t\t\t<img decoding=\"async\" src=\"https:\/\/gabrielcastro.org\/wp-content\/uploads\/2021\/11\/Gabriel-Castro-Jean-Jacket-Profile-pic-1-1-300x263.jpg\" alt=\"Gabriel Castro (Jean Jacket Profile pic 1)\" itemprop=\"image\" height=\"263\" width=\"300\" title=\"Gabriel Castro (Jean Jacket Profile pic 1)\" onerror=\"this.style.display='none'\" loading=\"lazy\" \/>\n\t\t\t\t<\/a>\n\t\t\t\t<a href=\"https:\/\/gabrielcastro.org\/wp-content\/uploads\/2024\/09\/Flyer-promo-pic-9-2.jpg\"  target=\"_self\" itemprop=\"url\">\n\t\t\t\t<img decoding=\"async\" src=\"https:\/\/gabrielcastro.org\/wp-content\/uploads\/2024\/09\/Flyer-promo-pic-9-2-213x300.jpg\" alt=\"Flyer promo pic 9\" itemprop=\"image\" height=\"300\" width=\"213\" title=\"Flyer promo pic 9\" onerror=\"this.style.display='none'\" loading=\"lazy\" \/>\n\t\t\t\t<\/a>\n\t\t\t\t<a href=\"https:\/\/gabrielcastro.org\/wp-content\/uploads\/2017\/10\/Flyer-Promo-Pic-4.jpg\"  target=\"_self\" itemprop=\"url\">\n\t\t\t\t<img decoding=\"async\" src=\"https:\/\/gabrielcastro.org\/wp-content\/uploads\/2017\/10\/Flyer-Promo-Pic-4-213x300.jpg\" alt=\"4\" itemprop=\"image\" height=\"300\" width=\"213\" title=\"4\" onerror=\"this.style.display='none'\" loading=\"lazy\" \/>\n\t\t\t\t<\/a>\n\t\t\t\t<a href=\"https:\/\/gabrielcastro.org\/wp-content\/uploads\/2021\/11\/Flyer-Promo-Pic-3a-white-background-scaled.jpg\"  target=\"_self\" itemprop=\"url\">\n\t\t\t\t<img decoding=\"async\" src=\"https:\/\/gabrielcastro.org\/wp-content\/uploads\/2021\/11\/Flyer-Promo-Pic-3a-white-background-200x300.jpg\" alt=\"Flyer Promo Pic 3a (white background)\" itemprop=\"image\" height=\"300\" width=\"200\" title=\"Flyer Promo Pic 3a (white background)\" onerror=\"this.style.display='none'\" loading=\"lazy\" \/>\n\t\t\t\t<\/a>\n\t\t\t\t<img decoding=\"async\" src=\"https:\/\/gabrielcastro.org\/wp-content\/uploads\/2024\/09\/Mission-statement-730x500.jpg\" alt=\"Mission statement\" itemprop=\"image\" height=\"500\" width=\"730\" height=\"500\" width=\"730\" title=\"Mission statement\" onerror=\"this.style.display='none'\" loading=\"lazy\" \/>\n\t<i>Declaraci\u00f3n de Fe<\/i>\n\u00a0\nCreemos en la completa inspiraci\u00f3n divina de las aceptadas Escrituras canonizadas como originalmente dadas. Las Escrituras son infalibles, inerrantes y son la \u00fanica y final autoridad de toda regla de fe y conducta. (2 Timoteo 3:16; 2 Pedro 1:21)\n<p>&nbsp;<\/p>\nCreemos en el Dios Trino, quien es infinitamente perfecto, y quien se revel\u00f3 a s\u00ed mismo como un solo Dios eternamente existente en tres personas: Padre, Hijo, y Esp\u00edritu Santo. (Mateo 28:19; 2 Corintios 13:14)\n<p>&nbsp;<\/p>\nCreemos en la Deidad de nuestro Se\u00f1or y Salvador Jesucristo: su nacimiento de una virgen- todo Dios y todo hombre, su vida sin pecado, sus milagros, su muerte expiatoria en la cruz, su resurrecci\u00f3n corporal, su ascensi\u00f3n al cielo para sentarse a la diestra del Padre como nuestro mediador y abogado, y su pronto regreso para buscar su iglesia y establecer Su reino de justicia y paz. (Isa\u00edas 7:14, 9:6; Lucas 1:26-35; Juan 1:14-18; Hebreos 4:15; Marcos 14:62; Filipenses 2:5-11; 1 Corintios 15:1-8; Romanos 4:25; Juan 14:2-3; 1 Tesalonicenses 4:13-18)\n<p>&nbsp;<\/p>\nCreemos en la creaci\u00f3n: la prueba y ca\u00edda del hombre como est\u00e1 registrada en G\u00e9nesis y la total depravaci\u00f3n espiritual del hombre y su incapacidad de lograr la justicia divina. (Romanos 5:12, 18).\n<p>&nbsp;<\/p>\nCreemos en la salvaci\u00f3n de los pecadores por gracia y a trav\u00e9s del arrepentimiento de pecados y fe en la obra perfecta y suficiente de Jesucristo en la cruz del Calvario; en la cual obtenemos la redenci\u00f3n de los pecados. (Efesios 2:8-9; Hebreos 9:12, 22; Romanos 5:11; Romanos 10:9, 10; Lucas 3:8; Hechos 2:38)\n<p>&nbsp;<\/p>\nCreemos en la resurrecci\u00f3n de los muertos; tanto para salvos como para perdidos. \u00a0Aquellos que son salvos para vida eterna y a los perdidos para condenaci\u00f3n eterna (Juan 5:28-29; 1 Corintios 15:52)\n<p>&nbsp;<\/p>\nCreemos que hay una sola Iglesia universal, compuesta por los creyentes de Jesucristo que han sido redimidos por su sangre y nacidos de nuevo mediante el Esp\u00edritu Santo. \u00a0Cristo es la Cabeza del Cuerpo que es la Iglesia y \u00e9l la ha comisionado a ser testigos de \u00e9l a todo el mundo, predicando el evangelio a todas las naciones. \u00a0(Hechos 15:22; Mateo 16:18, 18:15-20; 1 Corintios 12:12-27; Efesios 1:22-23)\n\n","protected":false},"excerpt":{"rendered":"<p>A finales del mes de Marzo en el a\u00f1o 2003, recibi\u00f3 un llamado de parte de Dios para iniciar su ministerio evangel\u00edstico y desde entonces no se ha detenido. El Pastor Gabriel es un ministro licensiado de las Asambleas de Dios, fundador\/presidente de Gabriel O. Castro Ministries, Inc., Director Asistente del Ministerio Varonil para el [&hellip;]<\/p>\n","protected":false},"author":1,"featured_media":1136,"parent":0,"menu_order":0,"comment_status":"closed","ping_status":"closed","template":"","meta":{"footnotes":""},"class_list":["post-376","page","type-page","status-publish","has-post-thumbnail","czr-hentry"],"_links":{"self":[{"href":"https:\/\/gabrielcastro.org\/index.php\/wp-json\/wp\/v2\/pages\/376","targetHints":{"allow":["GET"]}}],"collection":[{"href":"https:\/\/gabrielcastro.org\/index.php\/wp-json\/wp\/v2\/pages"}],"about":[{"href":"https:\/\/gabrielcastro.org\/index.php\/wp-json\/wp\/v2\/types\/page"}],"author":[{"embeddable":true,"href":"https:\/\/gabrielcastro.org\/index.php\/wp-json\/wp\/v2\/users\/1"}],"replies":[{"embeddable":true,"href":"https:\/\/gabrielcastro.org\/index.php\/wp-json\/wp\/v2\/comments?post=376"}],"version-history":[{"count":57,"href":"https:\/\/gabrielcastro.org\/index.php\/wp-json\/wp\/v2\/pages\/376\/revisions"}],"predecessor-version":[{"id":1799,"href":"https:\/\/gabrielcastro.org\/index.php\/wp-json\/wp\/v2\/pages\/376\/revisions\/1799"}],"wp:featuredmedia":[{"embeddable":true,"href":"https:\/\/gabrielcastro.org\/index.php\/wp-json\/wp\/v2\/media\/1136"}],"wp:attachment":[{"href":"https:\/\/gabrielcastro.org\/index.php\/wp-json\/wp\/v2\/media?parent=376"}],"curies":[{"name":"wp","href":"https:\/\/api.w.org\/{rel}","templated":true}]}}