{"id":369,"date":"2016-01-29T22:52:03","date_gmt":"2016-01-29T22:52:03","guid":{"rendered":"http:\/\/gabrielobedcastro.org\/?page_id=369"},"modified":"2019-04-12T22:55:01","modified_gmt":"2019-04-13T02:55:01","slug":"donaciones","status":"publish","type":"page","link":"https:\/\/gabrielcastro.org\/index.php\/es\/donaciones\/","title":{"rendered":"Donaciones"},"content":{"rendered":"\n\t<p>Gracias por tomar la decisi\u00f3n de sembrar en nuestro ministerio.\u00a0T\u00fa contribuci\u00f3n nos ayuda a llevar\u00a0las buenas nuevas de Cristo a miles de personas en el mundo. La informaci\u00f3n que proporciones es confidencial y no ser\u00e1 compartida con terceros.\u00a0Al hacer tu donativo, un recibo te ser\u00e1 enviado a la direcci\u00f3n de correo electr\u00f3nico que indiques.<\/p>\n<p>Puedes Oprimir &#8220;Donar Online&#8221; para aportar\u00a0ahora&#8230;<\/p>\n\t<form action=\"https:\/\/www.paypal.com\/cgi-bin\/webscr\" method=\"post\" target=\"_top\">\n<input type=\"hidden\" name=\"cmd\" value=\"_s-xclick\">\n<input type=\"hidden\" name=\"hosted_button_id\" value=\"29JAJKA6LUZHW\">\n<input type=\"image\" src=\"http:\/\/gabrielcastro.org\/wp-content\/uploads\/2017\/10\/paypalDonar5.jpg\" border=\"0\" name=\"submit\" alt=\"PayPal - The safer, easier way to pay online!\">\n<img loading=\"lazy\" decoding=\"async\" alt=\"\" border=\"0\" src=\"https:\/\/www.paypalobjects.com\/en_US\/i\/scr\/pixel.gif\" width=\"1\" height=\"1\">\n<\/form>\n\t<p>Tambi\u00e9n puedes hacernos llegar tu donativo por correo, envi\u00e1ndonos un giro o cheque dirigido a:<\/p>\nGabriel O. Castro Ministries, Inc.<br \/>\nP.O. Box 1393<br \/>\nAllentown, PA 18105\n","protected":false},"excerpt":{"rendered":"<p>Gracias por tomar la decisi\u00f3n de sembrar en nuestro ministerio.\u00a0T\u00fa contribuci\u00f3n nos ayuda a llevar\u00a0las buenas nuevas de Cristo a miles de personas en el mundo. La informaci\u00f3n que proporciones es confidencial y no ser\u00e1 compartida con terceros.\u00a0Al hacer tu donativo, un recibo te ser\u00e1 enviado a la direcci\u00f3n de correo electr\u00f3nico que indiques. Puedes [&hellip;]<\/p>\n","protected":false},"author":1,"featured_media":0,"parent":0,"menu_order":0,"comment_status":"closed","ping_status":"closed","template":"","meta":{"footnotes":""},"class_list":["post-369","page","type-page","status-publish","czr-hentry"],"_links":{"self":[{"href":"https:\/\/gabrielcastro.org\/index.php\/wp-json\/wp\/v2\/pages\/369","targetHints":{"allow":["GET"]}}],"collection":[{"href":"https:\/\/gabrielcastro.org\/index.php\/wp-json\/wp\/v2\/pages"}],"about":[{"href":"https:\/\/gabrielcastro.org\/index.php\/wp-json\/wp\/v2\/types\/page"}],"author":[{"embeddable":true,"href":"https:\/\/gabrielcastro.org\/index.php\/wp-json\/wp\/v2\/users\/1"}],"replies":[{"embeddable":true,"href":"https:\/\/gabrielcastro.org\/index.php\/wp-json\/wp\/v2\/comments?post=369"}],"version-history":[{"count":46,"href":"https:\/\/gabrielcastro.org\/index.php\/wp-json\/wp\/v2\/pages\/369\/revisions"}],"predecessor-version":[{"id":1558,"href":"https:\/\/gabrielcastro.org\/index.php\/wp-json\/wp\/v2\/pages\/369\/revisions\/1558"}],"wp:attachment":[{"href":"https:\/\/gabrielcastro.org\/index.php\/wp-json\/wp\/v2\/media?parent=369"}],"curies":[{"name":"wp","href":"https:\/\/api.w.org\/{rel}","templated":true}]}}