{"id":335,"date":"2016-01-29T19:04:55","date_gmt":"2016-01-29T19:04:55","guid":{"rendered":"http:\/\/gabrielobedcastro.org\/?page_id=335"},"modified":"2022-09-28T20:56:47","modified_gmt":"2022-09-29T00:56:47","slug":"contact","status":"publish","type":"page","link":"https:\/\/gabrielcastro.org\/index.php\/es\/contact\/","title":{"rendered":"CONT\u00c1CTENOS"},"content":{"rendered":"\n\n\t<p><strong>Para invitaciones de predicaci\u00f3n <a href=\"http:\/\/gabrielcastro.org\/index.php\/formulario-de-invitacion\/\">OPRIMA AQU\u00cd\u00a0\u00a0<\/a><\/strong><\/p>\n<p>&nbsp;<\/p>\n<p><strong>Para cualquier otra comunicaci\u00f3n por favor llene la siguiente hoja de contacto y presione &#8220;Enviar Mensaje&#8221; al completarlo y le contestaremos lo m\u00e1s pronto posible.<\/strong><\/p>\n\t<strong>TEL\u00c9FONO:<\/strong><br \/>\n 917-723-0042\n<strong>CORREO ELECTR\u00d3NICO:<br \/>\n<\/strong>info@gabrielcastro.org\n<strong>CORRESPONDENCIA POSTAL:\u00a0<\/strong><br \/>\n Gabriel O. Castro Ministries, Inc.<br \/>\n P.O. Box 1393<br \/>\n Allentown, PA 18105\n\t<p><strong>CON\u00c9CTATE CON NOSOTROS:\u00a0<\/strong><\/p>\n\t\t\t\t<a href=\"https:\/\/www.facebook.com\/Gabriel-O-Castro-Ministries-496407553780421\/\" target=\"_blank\" rel=\"noopener\" itemprop=\"url\">\n\t\t\t\t<img decoding=\"async\" src=\"http:\/\/gabrielcastro.org\/wp-content\/uploads\/2017\/01\/Social-Media-Facebook-New-300x83.jpg\" alt=\"Social Media (Facebook New)\" itemprop=\"image\" title=\"Social Media (Facebook New)\" onerror=\"this.style.display='none'\"  \/>\n\t\t\t\t<\/a>\n\t\t\t\t<a href=\"https:\/\/twitter.com\/MrGabrielCastro\" target=\"_blank\" rel=\"noopener\" itemprop=\"url\">\n\t\t\t\t<img decoding=\"async\" src=\"http:\/\/gabrielcastro.org\/wp-content\/uploads\/2017\/01\/Social-Media-Twitter-New-300x83.jpg\" alt=\"Social Media (Twitter) New\" itemprop=\"image\" title=\"Social Media (Twitter) New\" onerror=\"this.style.display='none'\"  \/>\n\t\t\t\t<\/a>\n\t\t\t\t<a href=\"https:\/\/www.instagram.com\/MrGabrielCastro\/\" target=\"_blank\" rel=\"noopener\" itemprop=\"url\">\n\t\t\t\t<img decoding=\"async\" src=\"http:\/\/gabrielcastro.org\/wp-content\/uploads\/2017\/01\/Social-Media-Instagram-New-300x83.jpg\" alt=\"Social Media (Instagram New)\" itemprop=\"image\" title=\"Social Media (Instagram New)\" onerror=\"this.style.display='none'\"  \/>\n\t\t\t\t<\/a>\n\t\t\t\t<a href=\"https:\/\/www.youtube.com\/user\/gabrielobedcastro\" target=\"_blank\" rel=\"noopener\" itemprop=\"url\">\n\t\t\t\t<img decoding=\"async\" src=\"http:\/\/gabrielcastro.org\/wp-content\/uploads\/2017\/01\/Social-Media-Youtube-New-300x83.jpg\" alt=\"Social Media (Youtube New)\" itemprop=\"image\" title=\"Social Media (Youtube New)\" onerror=\"this.style.display='none'\"  \/>\n\t\t\t\t<\/a>\n\n","protected":false},"excerpt":{"rendered":"<p>Para invitaciones de predicaci\u00f3n OPRIMA AQU\u00cd\u00a0\u00a0 &nbsp; Para cualquier otra comunicaci\u00f3n por favor llene la siguiente hoja de contacto y presione &#8220;Enviar Mensaje&#8221; al completarlo y le contestaremos lo m\u00e1s pronto posible. TEL\u00c9FONO: 917-723-0042 CORREO ELECTR\u00d3NICO: info@gabrielcastro.org CORRESPONDENCIA POSTAL:\u00a0 Gabriel O. Castro Ministries, Inc. P.O. Box 1393 Allentown, PA 18105 CON\u00c9CTATE CON NOSOTROS:\u00a0<\/p>\n","protected":false},"author":1,"featured_media":0,"parent":0,"menu_order":0,"comment_status":"closed","ping_status":"closed","template":"","meta":{"footnotes":""},"class_list":["post-335","page","type-page","status-publish","czr-hentry"],"_links":{"self":[{"href":"https:\/\/gabrielcastro.org\/index.php\/wp-json\/wp\/v2\/pages\/335","targetHints":{"allow":["GET"]}}],"collection":[{"href":"https:\/\/gabrielcastro.org\/index.php\/wp-json\/wp\/v2\/pages"}],"about":[{"href":"https:\/\/gabrielcastro.org\/index.php\/wp-json\/wp\/v2\/types\/page"}],"author":[{"embeddable":true,"href":"https:\/\/gabrielcastro.org\/index.php\/wp-json\/wp\/v2\/users\/1"}],"replies":[{"embeddable":true,"href":"https:\/\/gabrielcastro.org\/index.php\/wp-json\/wp\/v2\/comments?post=335"}],"version-history":[{"count":58,"href":"https:\/\/gabrielcastro.org\/index.php\/wp-json\/wp\/v2\/pages\/335\/revisions"}],"predecessor-version":[{"id":1695,"href":"https:\/\/gabrielcastro.org\/index.php\/wp-json\/wp\/v2\/pages\/335\/revisions\/1695"}],"wp:attachment":[{"href":"https:\/\/gabrielcastro.org\/index.php\/wp-json\/wp\/v2\/media?parent=335"}],"curies":[{"name":"wp","href":"https:\/\/api.w.org\/{rel}","templated":true}]}}