{"id":149,"date":"2015-10-06T18:17:12","date_gmt":"2015-10-06T18:17:12","guid":{"rendered":"http:\/\/gabrielobedcastro.org\/site\/tienda\/?page_id=149"},"modified":"2025-10-03T11:45:47","modified_gmt":"2025-10-03T15:45:47","slug":"video-home","status":"publish","type":"page","link":"https:\/\/gabrielcastro.org\/index.php\/es\/video-home\/","title":{"rendered":"Primera Pagina"},"content":{"rendered":"\n\n\t\t\t\t<img decoding=\"async\" src=\"https:\/\/gabrielcastro.org\/wp-content\/uploads\/2024\/09\/Gabriel-Castro-Jean-Jacket-Profile-pic-1-png-for-home-webpage-1024x813.png\" alt=\"Gabriel Castro (Jean Jacket Profile pic 1- png for home webpage)\" itemprop=\"image\" height=\"813\" width=\"1024\" title=\"Gabriel Castro (Jean Jacket Profile pic 1- png for home webpage)\" onerror=\"this.style.display='none'\" loading=\"lazy\" \/>\n\t<p>&nbsp;<\/p>\n<p>\u00a1Bienvenidos! a nuestra p\u00e1gina ministerial. Con\u00e9ctate f\u00e1cilmente con nosotros por medio de&#8221;videos&#8221;, &#8220;oraci\u00f3n&#8221;, &#8220;donaciones&#8221;, &#8220;contacto&#8221;, y visita nuestra &#8220;tienda&#8221;, entre otros.<\/p>\n<p>Esperamos en Dios que esta p\u00e1gina sea de bendici\u00f3n a tu vida y que nos contin\u00faes bendiciendo con tu visita.<\/p>\n\t<p><strong>Productos Recientes<\/strong><\/p>\n\t\t\t\t<a href=\"http:\/\/gabrielcastro.org\/index.php\/es\/product\/extiendete-mp3-digital-2\/\"  target=\"_self\" itemprop=\"url\">\n\t\t\t\t<img decoding=\"async\" src=\"https:\/\/gabrielcastro.org\/wp-content\/uploads\/2015\/10\/Extiendete-Online-Label-NEW-COVER-300x300.jpg\" alt=\"Extiendete Online Label (NEW COVER)\" itemprop=\"image\" height=\"300\" width=\"300\" height=\"300\" width=\"300\" title=\"Extiendete Online Label (NEW COVER)\" onerror=\"this.style.display='none'\" loading=\"lazy\" \/>\n\t\t\t\t<\/a>\n\t\t\t\t<a href=\"http:\/\/gabrielcastro.org\/index.php\/es\/product\/cuando-pases-mp3-digital-2\/%20\"  target=\"_self\" itemprop=\"url\">\n\t\t\t\t<img decoding=\"async\" src=\"https:\/\/gabrielcastro.org\/wp-content\/uploads\/2015\/10\/Cuando-Pases-Online-Label-1-300x300.jpg\" alt=\"Cuando Pases Online Label\" itemprop=\"image\" height=\"300\" width=\"300\" height=\"300\" width=\"300\" title=\"Cuando Pases Online Label\" onerror=\"this.style.display='none'\" loading=\"lazy\" \/>\n\t\t\t\t<\/a>\n\t\t\t\t<a href=\"http:\/\/gabrielcastro.org\/index.php\/es\/product\/drawn-out-mp3-digital-2\/\"  target=\"_self\" itemprop=\"url\">\n\t\t\t\t<img decoding=\"async\" src=\"https:\/\/gabrielcastro.org\/wp-content\/uploads\/2015\/10\/Drawn-Out-Online-Label-NEW-COVER-300x300.jpg\" alt=\"Drawn Out Online Label (NEW COVER)\" itemprop=\"image\" height=\"300\" width=\"300\" height=\"300\" width=\"300\" title=\"Drawn Out Online Label (NEW COVER)\" onerror=\"this.style.display='none'\" loading=\"lazy\" \/>\n\t\t\t\t<\/a>\n\t<p><strong>Videos Recientes<\/strong><\/p>\n\t\t<iframe loading=\"lazy\" width=\"560\" height=\"315\" src=\"https:\/\/www.youtube.com\/embed\/-NmR8B7FBrs?si=UgrPa4IxrwlK4thL\" title=\"YouTube video player\" frameborder=\"0\" allow=\"accelerometer; autoplay; clipboard-write; encrypted-media; gyroscope; picture-in-picture; web-share\" referrerpolicy=\"strict-origin-when-cross-origin\" allowfullscreen><\/iframe>\t\n\t\t<iframe loading=\"lazy\" width=\"560\" height=\"315\" src=\"https:\/\/www.youtube.com\/embed\/BArWu88xvhI?si=wEq8-Ri52jnAfLBR\" title=\"YouTube video player\" frameborder=\"0\" allow=\"accelerometer; autoplay; clipboard-write; encrypted-media; gyroscope; picture-in-picture; web-share\" referrerpolicy=\"strict-origin-when-cross-origin\" allowfullscreen><\/iframe>\t\n\t\t<iframe loading=\"lazy\" width=\"560\" height=\"315\" src=\"https:\/\/www.youtube.com\/embed\/8vtqalYt1mE\" frameborder=\"0\" allowfullscreen><\/iframe>\t\n\t<p><strong><a href=\"http:\/\/gabrielcastro.org\/index.php\/videos\/\">Para Ver M\u00e1s Videos&#8230;<\/a><\/strong><\/p>\n\t\n\n","protected":false},"excerpt":{"rendered":"<p>&nbsp; \u00a1Bienvenidos! a nuestra p\u00e1gina ministerial. Con\u00e9ctate f\u00e1cilmente con nosotros por medio de&#8221;videos&#8221;, &#8220;oraci\u00f3n&#8221;, &#8220;donaciones&#8221;, &#8220;contacto&#8221;, y visita nuestra &#8220;tienda&#8221;, entre otros. Esperamos en Dios que esta p\u00e1gina sea de bendici\u00f3n a tu vida y que nos contin\u00faes bendiciendo con tu visita. Productos Recientes Videos Recientes Para Ver M\u00e1s Videos&#8230;<\/p>\n","protected":false},"author":1,"featured_media":0,"parent":0,"menu_order":0,"comment_status":"open","ping_status":"open","template":"","meta":{"footnotes":""},"class_list":["post-149","page","type-page","status-publish","czr-hentry"],"_links":{"self":[{"href":"https:\/\/gabrielcastro.org\/index.php\/wp-json\/wp\/v2\/pages\/149","targetHints":{"allow":["GET"]}}],"collection":[{"href":"https:\/\/gabrielcastro.org\/index.php\/wp-json\/wp\/v2\/pages"}],"about":[{"href":"https:\/\/gabrielcastro.org\/index.php\/wp-json\/wp\/v2\/types\/page"}],"author":[{"embeddable":true,"href":"https:\/\/gabrielcastro.org\/index.php\/wp-json\/wp\/v2\/users\/1"}],"replies":[{"embeddable":true,"href":"https:\/\/gabrielcastro.org\/index.php\/wp-json\/wp\/v2\/comments?post=149"}],"version-history":[{"count":61,"href":"https:\/\/gabrielcastro.org\/index.php\/wp-json\/wp\/v2\/pages\/149\/revisions"}],"predecessor-version":[{"id":1811,"href":"https:\/\/gabrielcastro.org\/index.php\/wp-json\/wp\/v2\/pages\/149\/revisions\/1811"}],"wp:attachment":[{"href":"https:\/\/gabrielcastro.org\/index.php\/wp-json\/wp\/v2\/media?parent=149"}],"curies":[{"name":"wp","href":"https:\/\/api.w.org\/{rel}","templated":true}]}}